{"id":16124,"date":"2024-03-13T15:25:36","date_gmt":"2024-03-13T15:25:36","guid":{"rendered":"https:\/\/tienda.bodegacerrosancristobal.com\/?post_type=product&#038;p=16124"},"modified":"2024-03-15T14:35:16","modified_gmt":"2024-03-15T14:35:16","slug":"bienteveo","status":"publish","type":"product","link":"https:\/\/tienda.bodegacerrosancristobal.com\/index.php\/producto\/bienteveo\/","title":{"rendered":"Bienteveo"},"content":{"rendered":"\t\t<div data-elementor-type=\"wp-post\" data-elementor-id=\"16124\" class=\"elementor elementor-16124\">\n\t\t\t\t<div class=\"wd-negative-gap elementor-element elementor-element-7ba917d e-flex e-con-boxed e-con e-parent\" data-id=\"7ba917d\" data-element_type=\"container\" data-core-v316-plus=\"true\">\n\t\t\t\t\t<div class=\"e-con-inner\">\n\t\t<div class=\"elementor-element elementor-element-836b10c e-con-full e-flex e-con e-child\" data-id=\"836b10c\" data-element_type=\"container\">\n\t\t\t\t<div class=\"elementor-element elementor-element-1cb5edc elementor-widget elementor-widget-wd_text_block\" data-id=\"1cb5edc\" data-element_type=\"widget\" data-widget_type=\"wd_text_block.default\">\n\t\t\t\t<div class=\"elementor-widget-container\">\n\t\t\t\t\t<div class=\"wd-text-block reset-last-child text-left\">\n\t\t\t\n\t\t\t<div class=\"wpb_text_column wpb_content_element \"><div class=\"wpb_wrapper\"><h2>Bienteveo<\/h2><\/div><\/div><div class=\"wpb_text_column wpb_content_element  vc_custom_1535370364833\"><div class=\"wpb_wrapper\"><p>Bienteveo es el fiel reflejo del trabajo bien hecho durante cada vendimia. Vivo e intenso con notas de buena crianza, fresco y untuoso, con gran cuerpo y persistencia, que nos recuerda a los grandes vinos de monta\u00f1a, con un corte tradicional que se acerca al estilo m\u00e1s moderno de los vinos actuales. El car\u00e1cter de las cepas aut\u00f3ctonas se pule con el aporte de variedades for\u00e1neas muy bien ensambladas.<\/p><\/div><\/div>\n\t\t\t\t\t<\/div>\n\t\t\t\t<\/div>\n\t\t\t\t<\/div>\n\t\t\t\t<\/div>\n\t\t\t\t\t<\/div>\n\t\t\t\t<\/div>\n\t\t\t\t<\/div>\n\t\t","protected":false},"excerpt":{"rendered":"<p>Merlot, Syrah, Tintilla de Rota<\/p>\n","protected":false},"featured_media":16104,"template":"","meta":[],"product_cat":[20],"product_tag":[],"class_list":{"0":"post-16124","1":"product","2":"type-product","3":"status-publish","4":"has-post-thumbnail","6":"product_cat-vinos","8":"first","9":"instock","10":"shipping-taxable","11":"purchasable","12":"product-type-simple"},"_links":{"self":[{"href":"https:\/\/tienda.bodegacerrosancristobal.com\/index.php\/wp-json\/wp\/v2\/product\/16124","targetHints":{"allow":["GET"]}}],"collection":[{"href":"https:\/\/tienda.bodegacerrosancristobal.com\/index.php\/wp-json\/wp\/v2\/product"}],"about":[{"href":"https:\/\/tienda.bodegacerrosancristobal.com\/index.php\/wp-json\/wp\/v2\/types\/product"}],"version-history":[{"count":10,"href":"https:\/\/tienda.bodegacerrosancristobal.com\/index.php\/wp-json\/wp\/v2\/product\/16124\/revisions"}],"predecessor-version":[{"id":16192,"href":"https:\/\/tienda.bodegacerrosancristobal.com\/index.php\/wp-json\/wp\/v2\/product\/16124\/revisions\/16192"}],"wp:featuredmedia":[{"embeddable":true,"href":"https:\/\/tienda.bodegacerrosancristobal.com\/index.php\/wp-json\/wp\/v2\/media\/16104"}],"wp:attachment":[{"href":"https:\/\/tienda.bodegacerrosancristobal.com\/index.php\/wp-json\/wp\/v2\/media?parent=16124"}],"wp:term":[{"taxonomy":"product_cat","embeddable":true,"href":"https:\/\/tienda.bodegacerrosancristobal.com\/index.php\/wp-json\/wp\/v2\/product_cat?post=16124"},{"taxonomy":"product_tag","embeddable":true,"href":"https:\/\/tienda.bodegacerrosancristobal.com\/index.php\/wp-json\/wp\/v2\/product_tag?post=16124"}],"curies":[{"name":"wp","href":"https:\/\/api.w.org\/{rel}","templated":true}]}}